{"id":1868,"date":"2025-08-04T21:57:44","date_gmt":"2025-08-04T19:57:44","guid":{"rendered":"https:\/\/mathiasdelattre.com\/?page_id=1868"},"modified":"2025-11-30T12:21:29","modified_gmt":"2025-11-30T11:21:29","slug":"about","status":"publish","type":"page","link":"https:\/\/mathiasdelattre.com\/index.php\/about\/","title":{"rendered":"About"},"content":{"rendered":"\t\t<div data-elementor-type=\"wp-page\" data-elementor-id=\"1868\" class=\"elementor elementor-1868\">\n\t\t\t\t<div class=\"elementor-element elementor-element-7aebdffb e-flex e-con-boxed e-con e-parent\" data-id=\"7aebdffb\" data-element_type=\"container\">\n\t\t\t\t\t<div class=\"e-con-inner\">\n\t\t\t\t<div class=\"elementor-element elementor-element-da93f5e elementor-widget elementor-widget-spacer\" data-id=\"da93f5e\" data-element_type=\"widget\" data-widget_type=\"spacer.default\">\n\t\t\t\t\t\t\t<div class=\"elementor-spacer\">\n\t\t\t<div class=\"elementor-spacer-inner\"><\/div>\n\t\t<\/div>\n\t\t\t\t\t\t<\/div>\n\t\t\t\t<div class=\"elementor-element elementor-element-4a4df41b elementor-widget elementor-widget-text-editor\" data-id=\"4a4df41b\" data-element_type=\"widget\" data-widget_type=\"text-editor.default\">\n\t\t\t\t\t\t\t\t\t<h2>&nbsp;<\/h2>\n<h1 style=\"text-align: left;\">About<\/h1>\n<div>&nbsp;<\/div>\n<p><\/p>\n<p>Based in Paris. For all enquiries,&nbsp;please get in touch via the details below.<\/p>\n<p><!-- \/wp:paragraph --><!-- wp:paragraph --><\/p>\n<p>(+33) 6.14.27.57.87<br>mathias.de.lattre@gmail.com<\/p>\n<p><!-- \/wp:paragraph --><!-- wp:image {\"lightbox\":{\"enabled\":false},\"id\":2093,\"width\":\"30px\",\"height\":\"auto\",\"sizeSlug\":\"full\",\"linkDestination\":\"custom\"} --><\/p>\n<figure class=\"wp-block-image size-full is-resized\"><a href=\"https:\/\/www.instagram.com\/mathias_de_lattre\/\"><img fetchpriority=\"high\" decoding=\"async\" width=\"275\" height=\"183\" class=\"wp-image-2093 lazyload\" style=\"width: 30px; height: auto;\" src=\"data:image\/gif;base64,R0lGODlhAQABAAAAACH5BAEKAAEALAAAAAABAAEAAAICTAEAOw==\" data-src=\"https:\/\/mathiasdelattre.com\/wp-content\/uploads\/2025\/08\/images.png\" alt=\"\" data-sizes=\"auto\" data-srcset=\"https:\/\/mathiasdelattre.com\/wp-content\/uploads\/2025\/08\/images.png 275w, https:\/\/mathiasdelattre.com\/wp-content\/uploads\/2025\/08\/images-20x13.png 20w\" sizes=\"(max-width: 275px) 100vw, 275px\" \/><\/a><\/figure>\n<p><!-- \/wp:image --><!-- wp:spacer {\"height\":\"19px\"} --><\/p>\n<p><!-- \/wp:spacer --><!-- wp:paragraph --><\/p>\n<p>\u00a9 2025 Mathias de Lattre. All rights reserved.<\/p>\n<p><!-- \/wp:paragraph --><!-- wp:paragraph --><\/p>\n<p><strong>Bio<\/strong><\/p>\n<p><!-- \/wp:paragraph --><!-- wp:paragraph --><\/p>\n<p>Mathias de Lattre (born in 1990) lives and works in Paris.<\/p>\n<p><!-- \/wp:paragraph --><!-- wp:paragraph --><\/p>\n<p>He started his career making portraits for the press and taught photography at various American universities. He then gradually shifted to still-life, especially for the high jewelry industry.<\/p>\n<p><!-- \/wp:paragraph --><!-- wp:paragraph --><\/p>\n<p>His artistic work is largely autobiographical, combining personal experiences with research. It centers around themes such as transformation and humanity, underpinned by philosophical and spiritual concepts. Mathias de Lattre have been exhibited in Europe and his work published in numerous magazines.<\/p>\n<p><!-- \/wp:paragraph --><!-- wp:paragraph --><\/p>\n<p>His first book, <em>Mother\u2019s Therapy<\/em>, was published by The Eriskay Connection in spring 2021.<\/p>\n<p><!-- \/wp:paragraph --><!-- wp:spacer {\"height\":\"53px\"} --><\/p>\n<div class=\"wp-block-spacer\" style=\"height: 53px;\" aria-hidden=\"true\">&nbsp;<\/div>\n<p><!-- \/wp:spacer --><!-- wp:paragraph --><\/p>\n<p><strong>Books<\/strong><\/p>\n<p>Zin \/ <a href=\"https:\/\/departpourlimage.com\/ZOORAMA-Mathias-de-Lattre\"><b><i>ZOORAMA<\/i><\/b><\/a><\/p>\n<p><!-- \/wp:paragraph --><!-- wp:paragraph --><\/p>\n<p>190 \u00d7 220 mm | 12\u2009p<\/p>\n<p>EN | Garda Gloss 115 g<br>Silkprinted PVC folder&nbsp;<\/p>\n<p><!-- \/wp:paragraph --><!-- wp:paragraph --><\/p>\n<p><!-- \/wp:paragraph --><!-- wp:paragraph --><\/p>\n<p><!-- \/wp:paragraph --><!-- wp:paragraph --><\/p>\n<p><strong>Concept &amp; Design :<\/strong> Luca Reffo \/ Francesca Todde<\/p>\n<p><!-- \/wp:paragraph --><!-- wp:paragraph --><\/p>\n<p>First edition: <strong>1000<\/strong><\/p>\n<p><!-- \/wp:paragraph --><!-- wp:paragraph --><\/p>\n<p><strong>D\u00e9part Pour l&rsquo;Image<\/strong><\/p>\n<p><strong>2025<\/strong><\/p>\n<p><strong>&nbsp;<\/strong><\/p>\n<p><!-- \/wp:paragraph --><!-- wp:group {\"layout\":{\"type\":\"constrained\"}} --><\/p>\n<div class=\"wp-block-group\">\n<p><!-- wp:group {\"layout\":{\"type\":\"flex\",\"orientation\":\"vertical\"}} --><\/p>\n<div class=\"wp-block-group\">\n<p><!-- wp:paragraph --><\/p>\n<p><a href=\"https:\/\/www.eriskayconnection.com\/mothers-therapy\/\"><strong><em>Mother&rsquo;s therapy (Sold out)<\/em><\/strong><\/a><\/p>\n<p><!-- \/wp:paragraph --><!-- wp:paragraph --><\/p>\n<p>240 \u00d7 303 mm | 136\u2009p<br>EN+FR&nbsp;| softcover<\/p>\n<p><!-- \/wp:paragraph --><!-- wp:paragraph --><\/p>\n<p><strong>Text<\/strong>&nbsp;&amp;&nbsp;<strong>Essay<\/strong> :&nbsp; Remi Coignet \/ Mathias de Lattre \/ Mother \/ Olivier Chambon \/ Jacques Mabit \/ Vincent Verroust<\/p>\n<p><!-- \/wp:paragraph --><!-- wp:paragraph --><\/p>\n<p><strong>Text editing<\/strong> : Daisy Hildyard<\/p>\n<p><!-- \/wp:paragraph --><!-- wp:paragraph --><\/p>\n<p><strong>Design :<\/strong> Carel Fransen<\/p>\n<p><!-- \/wp:paragraph --><!-- wp:paragraph --><\/p>\n<p>First edition: <strong>750<\/strong><\/p>\n<p><!-- \/wp:paragraph --><!-- wp:paragraph --><\/p>\n<p><strong>The Eriskay Connection<\/strong><\/p>\n<p><strong>2021<\/strong><\/p>\n<p><!-- \/wp:paragraph --><\/p>\n<\/div>\n<p><!-- \/wp:group --><\/p>\n<\/div>\n<p><!-- \/wp:group --><!-- wp:spacer {\"height\":\"49px\"} --><\/p>\n<div class=\"wp-block-spacer\" style=\"height: 49px;\" aria-hidden=\"true\">&nbsp;<\/div>\n<p><!-- \/wp:spacer --><!-- wp:paragraph --><\/p>\n<p><!-- \/wp:paragraph --><!-- wp:group {\"layout\":{\"type\":\"flex\",\"orientation\":\"vertical\"}} --><\/p>\n<div class=\"wp-block-group\">\n<p><!-- wp:paragraph --><\/p>\n<p><strong>Exhibitions<\/strong><\/p>\n<p><!-- \/wp:paragraph --><!-- wp:spacer {\"height\":\"34px\",\"style\":{\"layout\":{\"flexSize\":\"34px\",\"selfStretch\":\"fixed\"}}} --><\/p>\n<p><!-- \/wp:spacer --><!-- wp:paragraph --><\/p>\n<p><strong>&nbsp;<\/strong><span style=\"font-weight: 700; letter-spacing: 0.24px; word-spacing: 0.016px;\">2024<\/span><\/p><p style=\"letter-spacing: 0.24px; word-spacing: 0.016px;\"><\/p><ul class=\"wp-block-list\" style=\"font-size: 16px; letter-spacing: 0.24px; word-spacing: 0.016px;\"><li style=\"list-style-type: none;\"><ul class=\"wp-block-list\"><\/ul><\/li><\/ul><ul class=\"wp-block-list\" style=\"font-size: 16px; letter-spacing: 0.24px; word-spacing: 0.016px;\"><li style=\"list-style-type: none;\"><ul class=\"wp-block-list\"><li><span style=\"font-weight: 700; line-height: inherit;\"><em>&nbsp; &nbsp; &nbsp; &nbsp;Mother&rsquo;s therapy<\/em><\/span>, Group show, Eglise Anglicane, Hy\u00e8res.<\/li><\/ul><\/li><\/ul><p style=\"letter-spacing: 0.24px; word-spacing: 0.016px;\"><\/p><p style=\"letter-spacing: 0.24px; word-spacing: 0.016px;\"><\/p><p style=\"letter-spacing: 0.24px; word-spacing: 0.016px;\"><span style=\"font-weight: 700; line-height: inherit;\">2023<\/span><\/p><p style=\"letter-spacing: 0.24px; word-spacing: 0.016px;\"><\/p><ul class=\"wp-block-list\" style=\"font-size: 16px; letter-spacing: 0.24px; word-spacing: 0.016px;\"><li style=\"list-style-type: none;\"><ul class=\"wp-block-list\"><\/ul><\/li><\/ul><ul class=\"wp-block-list\" style=\"font-size: 16px; letter-spacing: 0.24px; word-spacing: 0.016px;\"><li style=\"list-style-type: none;\"><ul class=\"wp-block-list\"><li><span style=\"font-weight: 700; line-height: inherit;\"><em>&nbsp; &nbsp; &nbsp; &nbsp;Mother&rsquo;s therapy<\/em><\/span>, Group show, Fotohaus, Torstrasse 111,&nbsp;Berlin.<\/li><\/ul><\/li><\/ul><p style=\"letter-spacing: 0.24px; word-spacing: 0.016px;\"><\/p><p style=\"letter-spacing: 0.24px; word-spacing: 0.016px;\"><\/p><ul class=\"wp-block-list\" style=\"font-size: 16px; letter-spacing: 0.24px; word-spacing: 0.016px;\"><li style=\"list-style-type: none;\"><ul class=\"wp-block-list\"><\/ul><\/li><\/ul><ul class=\"wp-block-list\" style=\"font-size: 16px; letter-spacing: 0.24px; word-spacing: 0.016px;\"><li style=\"list-style-type: none;\"><ul class=\"wp-block-list\"><li><span style=\"font-weight: 700; line-height: inherit;\"><em>&nbsp; &nbsp; &nbsp; &nbsp;Mother&rsquo;s therapy<\/em><\/span>, Group show Fondation Manuel Rivera-Ortiz, Arles.<\/li><\/ul><\/li><\/ul><p style=\"letter-spacing: 0.24px; word-spacing: 0.016px;\"><\/p><ul class=\"wp-block-list\" style=\"font-size: 16px; letter-spacing: 0.24px; word-spacing: 0.016px;\"><li style=\"list-style-type: none;\"><ul class=\"wp-block-list\"><li><span style=\"font-weight: 700; line-height: inherit;\"><em>&nbsp; &nbsp; &nbsp; &nbsp;<\/em><\/span><span style=\"font-weight: 700; line-height: inherit;\"><em>Mother&rsquo;s therapy<\/em><\/span>, La Nombreuse &#8211; Exposition &amp; conf\u00e9rence, Bruxelles.<\/li><\/ul><\/li><\/ul><p style=\"letter-spacing: 0.24px; word-spacing: 0.016px;\"><\/p><p style=\"letter-spacing: 0.24px; word-spacing: 0.016px;\"><\/p><p style=\"letter-spacing: 0.24px; word-spacing: 0.016px;\"><span style=\"font-weight: 700; line-height: inherit;\">2022&nbsp;<\/span><\/p><p style=\"letter-spacing: 0.24px; word-spacing: 0.016px;\"><\/p><ul class=\"wp-block-list\" style=\"font-size: 16px; letter-spacing: 0.24px; word-spacing: 0.016px;\"><li style=\"list-style-type: none;\"><ul class=\"wp-block-list\"><\/ul><\/li><\/ul><ul class=\"wp-block-list\" style=\"font-size: 16px; letter-spacing: 0.24px; word-spacing: 0.016px;\"><li style=\"list-style-type: none;\"><ul class=\"wp-block-list\"><li><span style=\"font-weight: 700; line-height: inherit;\"><em>&nbsp; &nbsp; &nbsp; &nbsp;Mother&rsquo;s therapy<\/em><\/span>, Le Wonder &#8211; Exposition &amp; conf\u00e9rence, Paris.<\/li><\/ul><\/li><\/ul><p style=\"letter-spacing: 0.24px; word-spacing: 0.016px;\"><\/p><ul class=\"wp-block-list\" style=\"font-size: 16px; letter-spacing: 0.24px; word-spacing: 0.016px;\"><li style=\"list-style-type: none;\"><ul class=\"wp-block-list\"><li><span style=\"font-weight: 700; line-height: inherit;\"><em>&nbsp; &nbsp; &nbsp; &nbsp;Mother&rsquo;s therapy<\/em><\/span>, Arles Projection Nuit de l&rsquo;ann\u00e9e.<\/li><\/ul><\/li><\/ul><p style=\"letter-spacing: 0.24px; word-spacing: 0.016px;\"><\/p><ul class=\"wp-block-list\" style=\"font-size: 16px; letter-spacing: 0.24px; word-spacing: 0.016px;\"><li style=\"list-style-type: none;\"><ul class=\"wp-block-list\"><li><span style=\"font-weight: 700; line-height: inherit;\"><em>&nbsp; &nbsp; &nbsp; &nbsp;Mother&rsquo;s therapy<\/em><\/span>, \u0141\u00f3d\u017a&nbsp;Fotofestiwal, Poland<\/li><\/ul><\/li><\/ul><p style=\"letter-spacing: 0.24px; word-spacing: 0.016px;\"><\/p><p style=\"letter-spacing: 0.24px; word-spacing: 0.016px;\"><\/p><p style=\"letter-spacing: 0.24px; word-spacing: 0.016px;\"><span style=\"font-weight: 700; line-height: inherit;\">2021&nbsp;<\/span><\/p><p style=\"letter-spacing: 0.24px; word-spacing: 0.016px;\"><\/p><ul class=\"wp-block-list\" style=\"font-size: 16px; letter-spacing: 0.24px; word-spacing: 0.016px;\"><li style=\"list-style-type: none;\"><ul class=\"wp-block-list\"><\/ul><\/li><\/ul><ul class=\"wp-block-list\" style=\"font-size: 16px; letter-spacing: 0.24px; word-spacing: 0.016px;\"><li style=\"list-style-type: none;\"><ul class=\"wp-block-list\"><li><span style=\"font-weight: 700; line-height: inherit;\"><em>&nbsp; &nbsp; &nbsp; &nbsp;Mother&rsquo;s therapy<\/em><\/span>,&nbsp;<em>Group show \u00ab&nbsp;Floating i&nbsp;\u00bb in.plano, Paris.<\/em><\/li><\/ul><\/li><\/ul><p style=\"letter-spacing: 0.24px; word-spacing: 0.016px;\"><\/p><ul class=\"wp-block-list\" style=\"font-size: 16px; letter-spacing: 0.24px; word-spacing: 0.016px;\"><li style=\"list-style-type: none;\"><ul class=\"wp-block-list\"><li><span style=\"font-weight: 700; line-height: inherit;\"><em>&nbsp; &nbsp; &nbsp; &nbsp;Mother&rsquo;s therapy<\/em><\/span>, Festival Circulation(s), Paris.<\/li><\/ul><\/li><\/ul><p style=\"letter-spacing: 0.24px; word-spacing: 0.016px;\"><\/p><p style=\"letter-spacing: 0.24px; word-spacing: 0.016px;\"><\/p><p style=\"letter-spacing: 0.24px; word-spacing: 0.016px;\"><span style=\"font-weight: 700; line-height: inherit;\">2020&nbsp;<\/span><\/p><p style=\"letter-spacing: 0.24px; word-spacing: 0.016px;\"><\/p><ul class=\"wp-block-list\" style=\"font-size: 16px; letter-spacing: 0.24px; word-spacing: 0.016px;\"><li style=\"list-style-type: none;\"><ul class=\"wp-block-list\"><\/ul><\/li><\/ul><ul class=\"wp-block-list\" style=\"font-size: 16px; letter-spacing: 0.24px; word-spacing: 0.016px;\"><li style=\"list-style-type: none;\"><ul class=\"wp-block-list\"><li><span style=\"font-weight: 700; line-height: inherit;\"><em>&nbsp; &nbsp; &nbsp; &nbsp;Mother&rsquo;s therapy<\/em><\/span>, projection photographique collective de la 69eme \u00e9dition de Jeune Cr\u00e9ation,&nbsp;<span style=\"font-weight: 700; line-height: inherit;\"><em>Ce qui est encore pr\u00e9sent<\/em><\/span>. Fondation Fiminco, Romainville.<\/li><\/ul><\/li><\/ul><p style=\"letter-spacing: 0.24px; word-spacing: 0.016px;\"><\/p><p style=\"letter-spacing: 0.24px; word-spacing: 0.016px;\"><\/p><p style=\"letter-spacing: 0.24px; word-spacing: 0.016px;\"><span style=\"font-weight: 700; line-height: inherit;\">2016&nbsp;<\/span><\/p><p style=\"letter-spacing: 0.24px; word-spacing: 0.016px;\"><\/p><ul class=\"wp-block-list\" style=\"font-size: 16px; letter-spacing: 0.24px; word-spacing: 0.016px;\"><li style=\"list-style-type: none;\"><ul class=\"wp-block-list\"><\/ul><\/li><\/ul><ul class=\"wp-block-list\" style=\"font-size: 16px; letter-spacing: 0.24px; word-spacing: 0.016px;\"><li style=\"list-style-type: none;\"><ul class=\"wp-block-list\"><li><span style=\"font-weight: 700; line-height: inherit;\"><em>&nbsp; &nbsp; &nbsp; &nbsp;Salvados<\/em><\/span>, Librairie Hors-Format, Bruxelles.<\/li><\/ul><\/li><\/ul><p style=\"letter-spacing: 0.24px; word-spacing: 0.016px;\"><\/p><p style=\"letter-spacing: 0.24px; word-spacing: 0.016px;\"><\/p><p style=\"letter-spacing: 0.24px; word-spacing: 0.016px;\"><span style=\"font-weight: 700; line-height: inherit;\">2015&nbsp;<\/span><\/p><p style=\"letter-spacing: 0.24px; word-spacing: 0.016px;\"><\/p><ul class=\"wp-block-list\" style=\"font-size: 16px; letter-spacing: 0.24px; word-spacing: 0.016px;\"><li style=\"list-style-type: none;\"><ul class=\"wp-block-list\"><\/ul><\/li><\/ul><ul class=\"wp-block-list\" style=\"font-size: 16px; letter-spacing: 0.24px; word-spacing: 0.016px;\"><li style=\"list-style-type: none;\"><ul class=\"wp-block-list\"><li><span style=\"font-weight: 700; line-height: inherit;\"><em>&nbsp; &nbsp; &nbsp; &nbsp;M\u00e9tro<\/em><\/span><em>,<\/em>&nbsp;Rencontre photographique du 10eme, Librairie La com\u00e8te, Paris.<\/li><\/ul><\/li><\/ul><p style=\"letter-spacing: 0.24px; word-spacing: 0.016px;\"><\/p><ul class=\"wp-block-list\" style=\"font-size: 16px; letter-spacing: 0.24px; word-spacing: 0.016px;\"><li style=\"list-style-type: none;\"><ul class=\"wp-block-list\"><li>&nbsp; &nbsp; &nbsp; &nbsp;Exposition collective<em>, G<\/em>alerie La Carpe, Aubeterre sur Dronne.<\/li><\/ul><\/li><\/ul><p style=\"letter-spacing: 0.24px; word-spacing: 0.016px;\"><\/p><ul class=\"wp-block-list\" style=\"font-size: 16px; letter-spacing: 0.24px; word-spacing: 0.016px;\"><li style=\"list-style-type: none;\"><ul class=\"wp-block-list\"><li><span style=\"font-weight: 700; line-height: inherit;\"><em>&nbsp; &nbsp; &nbsp; &nbsp;Salvados<\/em><\/span>, Galerie le Loft Photo, Bruxelles.<\/li><\/ul><\/li><\/ul><p style=\"letter-spacing: 0.24px; word-spacing: 0.016px;\"><\/p><ul class=\"wp-block-list\" style=\"font-size: 16px; letter-spacing: 0.24px; word-spacing: 0.016px;\"><li style=\"list-style-type: none;\"><ul class=\"wp-block-list\"><li><span style=\"font-weight: 700; line-height: inherit;\"><em>&nbsp; &nbsp; &nbsp; Fugitif<\/em><\/span>, Librairie La com\u00e8te, Paris.<\/li><\/ul><\/li><\/ul><p style=\"letter-spacing: 0.24px; word-spacing: 0.016px;\"><\/p><p style=\"letter-spacing: 0.24px; word-spacing: 0.016px;\"><\/p><p style=\"letter-spacing: 0.24px; word-spacing: 0.016px;\"><span style=\"font-weight: 700; line-height: inherit;\">&nbsp;2014<\/span><\/p><p style=\"letter-spacing: 0.24px; word-spacing: 0.016px;\"><\/p><ul class=\"wp-block-list\" style=\"font-size: 16px; letter-spacing: 0.24px; word-spacing: 0.016px;\"><li style=\"list-style-type: none;\"><ul class=\"wp-block-list\"><\/ul><\/li><\/ul><ul class=\"wp-block-list\" style=\"font-size: 16px; letter-spacing: 0.24px; word-spacing: 0.016px;\"><li style=\"list-style-type: none;\"><ul class=\"wp-block-list\"><li><em>&nbsp; &nbsp; &nbsp; &nbsp;Exposition collective Galerie de L\u2019Escale, Levallois.<\/em><\/li><\/ul><\/li><\/ul><p style=\"letter-spacing: 0.24px; word-spacing: 0.016px;\"><\/p><ul class=\"wp-block-list\" style=\"font-size: 16px; letter-spacing: 0.24px; word-spacing: 0.016px;\"><li style=\"list-style-type: none;\"><ul class=\"wp-block-list\"><li><span style=\"font-weight: 700; line-height: inherit;\"><em>&nbsp; &nbsp; &nbsp; &nbsp;Salvados<\/em><\/span>, Galerie la Belle Juliette, Paris.<\/li><\/ul><\/li><\/ul><p style=\"letter-spacing: 0.24px; word-spacing: 0.016px;\"><\/p><ul class=\"wp-block-list\" style=\"font-size: 16px; letter-spacing: 0.24px; word-spacing: 0.016px;\"><li style=\"list-style-type: none;\"><ul class=\"wp-block-list\"><li>&nbsp; &nbsp; &nbsp; &nbsp;Laur\u00e9at du concours \u00ab&nbsp;Nos amies les b\u00eates&nbsp;\u00bb, Polka Magazine.<\/li><\/ul><\/li><\/ul><p style=\"letter-spacing: 0.24px; word-spacing: 0.016px;\"><\/p><p style=\"letter-spacing: 0.24px; word-spacing: 0.016px;\"><\/p><p style=\"letter-spacing: 0.24px; word-spacing: 0.016px;\"><span style=\"font-weight: 700; line-height: inherit;\">2013<\/span><\/p><p style=\"letter-spacing: 0.24px; word-spacing: 0.016px;\"><\/p><ul class=\"wp-block-list\" style=\"font-size: 16px; letter-spacing: 0.24px; word-spacing: 0.016px;\"><li style=\"list-style-type: none;\"><ul class=\"wp-block-list\"><\/ul><\/li><\/ul><ul class=\"wp-block-list\" style=\"font-size: 16px; letter-spacing: 0.24px; word-spacing: 0.016px;\"><li style=\"list-style-type: none;\"><ul class=\"wp-block-list\"><li><span style=\"font-weight: 700; line-height: inherit;\">&nbsp; &nbsp; &nbsp; &nbsp;M\u00e9tro,&nbsp;<\/span>Rencontres d\u2019Arles 2013 aux \u00e9ditions&nbsp;<em>Chez Higgins<\/em>.<\/li><\/ul><\/li><\/ul><ul class=\"wp-block-list\"><li style=\"list-style-type: none;\"><ul class=\"wp-block-list\">\n<\/ul>\n<\/li>\n<\/ul>\n<p><!-- \/wp:list-item --><\/p>\n<p><!-- \/wp:list --><\/p>\n<\/div>\n<p><!-- \/wp:group --><!-- wp:paragraph --><\/p>\n<p><!-- \/wp:paragraph --><!-- wp:paragraph --><\/p>\n<p><!-- \/wp:paragraph --><\/p>\t\t\t\t\t\t\t\t<\/div>\n\t\t\t\t\t<\/div>\n\t\t\t\t<\/div>\n\t\t\t\t<\/div>\n\t\t","protected":false},"excerpt":{"rendered":"<p>&nbsp; About &nbsp; Based in Paris. For all enquiries,&nbsp;please get in touch via the details below. (+33) 6.14.27.57.87mathias.de.lattre@gmail.com \u00a9 2025 Mathias de Lattre. All rights reserved. Bio Mathias de Lattre (born in 1990) lives and works in Paris. He started his career making portraits for the press and taught photography at various American universities. He&hellip;<\/p>\n","protected":false},"author":1,"featured_media":0,"parent":0,"menu_order":0,"comment_status":"closed","ping_status":"closed","template":"","meta":{"footnotes":""},"class_list":["post-1868","page","type-page","status-publish","hentry"],"jetpack_sharing_enabled":true,"_links":{"self":[{"href":"https:\/\/mathiasdelattre.com\/index.php\/wp-json\/wp\/v2\/pages\/1868","targetHints":{"allow":["GET"]}}],"collection":[{"href":"https:\/\/mathiasdelattre.com\/index.php\/wp-json\/wp\/v2\/pages"}],"about":[{"href":"https:\/\/mathiasdelattre.com\/index.php\/wp-json\/wp\/v2\/types\/page"}],"author":[{"embeddable":true,"href":"https:\/\/mathiasdelattre.com\/index.php\/wp-json\/wp\/v2\/users\/1"}],"replies":[{"embeddable":true,"href":"https:\/\/mathiasdelattre.com\/index.php\/wp-json\/wp\/v2\/comments?post=1868"}],"version-history":[{"count":114,"href":"https:\/\/mathiasdelattre.com\/index.php\/wp-json\/wp\/v2\/pages\/1868\/revisions"}],"predecessor-version":[{"id":4340,"href":"https:\/\/mathiasdelattre.com\/index.php\/wp-json\/wp\/v2\/pages\/1868\/revisions\/4340"}],"wp:attachment":[{"href":"https:\/\/mathiasdelattre.com\/index.php\/wp-json\/wp\/v2\/media?parent=1868"}],"curies":[{"name":"wp","href":"https:\/\/api.w.org\/{rel}","templated":true}]}}